{"id":8196,"date":"2018-12-06T01:55:35","date_gmt":"2018-12-05T23:55:35","guid":{"rendered":"https:\/\/oneiravillas.gr\/communication\/"},"modified":"2019-03-14T18:46:45","modified_gmt":"2019-03-14T16:46:45","slug":"communication","status":"publish","type":"page","link":"https:\/\/oneiravillas.gr\/fr\/communication\/","title":{"rendered":"Communication"},"content":{"rendered":"<p>[et_pb_section bb_built=\u00a0\u00bb1&Prime; fullwidth=\u00a0\u00bbon\u00a0\u00bb _builder_version=\u00a0\u00bb3.0.100&Prime; next_background_color=\u00a0\u00bb#000000&Prime;][et_pb_fullwidth_slider show_arrows=\u00a0\u00bboff\u00a0\u00bb show_pagination=\u00a0\u00bboff\u00a0\u00bb _builder_version=\u00a0\u00bb3.16&Prime; header_font=\u00a0\u00bb|600|||||||\u00a0\u00bb button_text_size__hover_enabled=\u00a0\u00bboff\u00a0\u00bb button_one_text_size__hover_enabled=\u00a0\u00bboff\u00a0\u00bb button_two_text_size__hover_enabled=\u00a0\u00bboff\u00a0\u00bb button_text_color__hover_enabled=\u00a0\u00bboff\u00a0\u00bb button_one_text_color__hover_enabled=\u00a0\u00bboff\u00a0\u00bb button_two_text_color__hover_enabled=\u00a0\u00bboff\u00a0\u00bb button_border_width__hover_enabled=\u00a0\u00bboff\u00a0\u00bb button_one_border_width__hover_enabled=\u00a0\u00bboff\u00a0\u00bb button_two_border_width__hover_enabled=\u00a0\u00bboff\u00a0\u00bb button_border_color__hover_enabled=\u00a0\u00bboff\u00a0\u00bb button_one_border_color__hover_enabled=\u00a0\u00bboff\u00a0\u00bb button_two_border_color__hover_enabled=\u00a0\u00bboff\u00a0\u00bb button_border_radius__hover_enabled=\u00a0\u00bboff\u00a0\u00bb button_one_border_radius__hover_enabled=\u00a0\u00bboff\u00a0\u00bb button_two_border_radius__hover_enabled=\u00a0\u00bboff\u00a0\u00bb button_letter_spacing__hover_enabled=\u00a0\u00bboff\u00a0\u00bb button_one_letter_spacing__hover_enabled=\u00a0\u00bboff\u00a0\u00bb button_two_letter_spacing__hover_enabled=\u00a0\u00bboff\u00a0\u00bb button_bg_color__hover_enabled=\u00a0\u00bboff\u00a0\u00bb button_one_bg_color__hover_enabled=\u00a0\u00bboff\u00a0\u00bb button_two_bg_color__hover_enabled=\u00a0\u00bboff\u00a0\u00bb][et_pb_slide heading=\u00a0\u00bbContactez nous\u00a0\u00bb use_bg_overlay=\u00a0\u00bbon\u00a0\u00bb bg_overlay_color=\u00a0\u00bbrgba(0,0,0,0.35)\u00a0\u00bb use_text_overlay=\u00a0\u00bboff\u00a0\u00bb _builder_version=\u00a0\u00bb3.16&Prime; header_font=\u00a0\u00bb|700|||||||\u00a0\u00bb header_font_size=\u00a0\u00bb49&Prime; header_font_size_tablet=\u00a0\u00bb49&Prime; header_font_size_phone=\u00a0\u00bb49&Prime; background_image=\u00a0\u00bbhttps:\/\/oneiravillas.gr\/wp-content\/uploads\/2018\/06\/IMG_7052.jpg\u00a0\u00bb parallax=\u00a0\u00bbon\u00a0\u00bb button_on_hover=\u00a0\u00bbon\u00a0\u00bb button_text_size__hover_enabled=\u00a0\u00bboff\u00a0\u00bb button_one_text_size__hover_enabled=\u00a0\u00bboff\u00a0\u00bb button_two_text_size__hover_enabled=\u00a0\u00bboff\u00a0\u00bb button_text_color__hover_enabled=\u00a0\u00bboff\u00a0\u00bb button_one_text_color__hover_enabled=\u00a0\u00bboff\u00a0\u00bb button_two_text_color__hover_enabled=\u00a0\u00bboff\u00a0\u00bb button_border_width__hover_enabled=\u00a0\u00bboff\u00a0\u00bb button_one_border_width__hover_enabled=\u00a0\u00bboff\u00a0\u00bb button_two_border_width__hover_enabled=\u00a0\u00bboff\u00a0\u00bb button_border_color__hover_enabled=\u00a0\u00bboff\u00a0\u00bb button_one_border_color__hover_enabled=\u00a0\u00bboff\u00a0\u00bb button_two_border_color__hover_enabled=\u00a0\u00bboff\u00a0\u00bb button_border_radius__hover_enabled=\u00a0\u00bboff\u00a0\u00bb button_one_border_radius__hover_enabled=\u00a0\u00bboff\u00a0\u00bb button_two_border_radius__hover_enabled=\u00a0\u00bboff\u00a0\u00bb button_letter_spacing__hover_enabled=\u00a0\u00bboff\u00a0\u00bb button_one_letter_spacing__hover_enabled=\u00a0\u00bboff\u00a0\u00bb button_two_letter_spacing__hover_enabled=\u00a0\u00bboff\u00a0\u00bb button_bg_color__hover_enabled=\u00a0\u00bboff\u00a0\u00bb button_one_bg_color__hover_enabled=\u00a0\u00bboff\u00a0\u00bb button_two_bg_color__hover_enabled=\u00a0\u00bboff\u00a0\u00bb][\/et_pb_slide][\/et_pb_fullwidth_slider][\/et_pb_section][et_pb_section bb_built=\u00a0\u00bb1&Prime; _builder_version=\u00a0\u00bb3.0.47&Prime; prev_background_color=\u00a0\u00bb#000000&Prime;][et_pb_row _builder_version=\u00a0\u00bb3.0.48&Prime; background_size=\u00a0\u00bbinitial\u00a0\u00bb background_position=\u00a0\u00bbtop_left\u00a0\u00bb background_repeat=\u00a0\u00bbrepeat\u00a0\u00bb][et_pb_column type=\u00a0\u00bb1_3&Prime;][et_pb_text admin_label=\u00a0\u00bb\u0395\u03c0\u03b9\u03ba\u03bf\u03b9\u03bd\u03c9\u03bd\u03af\u03b1\u00a0\u00bb _builder_version=\u00a0\u00bb3.6&Prime; text_font=\u00a0\u00bb|700|||||||\u00a0\u00bb text_font_size=\u00a0\u00bb16px\u00a0\u00bb]<\/p>\n<h3 class=\"widget-title\"><strong>Contactez nous<\/strong><\/h3>\n<p>[\/et_pb_text][et_pb_divider divider_position=\u00a0\u00bbbottom\u00a0\u00bb divider_weight=\u00a0\u00bb2&Prime; height=\u00a0\u00bb1px\u00a0\u00bb _builder_version=\u00a0\u00bb3.2&Prime; max_width=\u00a0\u00bb35%\u00a0\u00bb module_alignment=\u00a0\u00bbleft\u00a0\u00bb]<\/p>\n<p><\/p>\n<p>[\/et_pb_divider][et_pb_text _builder_version=\u00a0\u00bb3.6&Prime;]<\/p>\n<p>Aimeriez-vous partager quelque chose avec nous? N&rsquo;h\u00e9sitez pas \u00e0 nous contacter via notre formulaire de contact. Nous nous assurerons de vous r\u00e9pondre dans les plus brefs d\u00e9lais, en quelques heures si ce n&rsquo;est pas imm\u00e9diatement !<\/p>\n<p>[\/et_pb_text][et_pb_text _builder_version=\u00a0\u00bb3.6&Prime;]<\/p>\n<p>Nous vous attendons dans la belle \u00eele de C\u00e9phalonie! Vous pouvez nous appeler directement aux num\u00e9ros ci-dessous, nous contacter par email, ou d\u00e9couvrir nos pages <a href=\"https:\/\/www.instagram.com\/oneiravillas\/\">Instagram<\/a> &amp; <a href=\"https:\/\/www.facebook.com\/OneiraVillas\/\">Facebook<\/a>.<\/p>\n<p>[\/et_pb_text][\/et_pb_column][et_pb_column type=\u00a0\u00bb1_3&Prime;][et_pb_blurb use_icon=\u00a0\u00bbon\u00a0\u00bb font_icon=\u00a0\u00bb%%238%%\u00a0\u00bb use_icon_font_size=\u00a0\u00bbon\u00a0\u00bb icon_font_size=\u00a0\u00bb50px\u00a0\u00bb _builder_version=\u00a0\u00bb3.6&Prime; text_orientation=\u00a0\u00bbcenter\u00a0\u00bb]<\/p>\n<p><strong>Email<\/strong>: <a href=\"mailto:info@oneiravillas.gr\">info@oneiravillas.gr\u00a0<\/a>&amp; <a href=\"mailto:oneiravillas@gmail.com\">oneiravillas@gmail.com\u00a0<\/a><\/p>\n<p>[\/et_pb_blurb][et_pb_blurb use_icon=\u00a0\u00bbon\u00a0\u00bb font_icon=\u00a0\u00bb%%264%%\u00a0\u00bb use_icon_font_size=\u00a0\u00bbon\u00a0\u00bb icon_font_size=\u00a0\u00bb50px\u00a0\u00bb _builder_version=\u00a0\u00bb3.6&Prime; text_orientation=\u00a0\u00bbcenter\u00a0\u00bb]<\/p>\n<p><strong>T\u00e9l\u00e9phone<\/strong> : +30 2671031300<br \/>\n+30 2671024606, +30 6979809460<\/p>\n<p>[\/et_pb_blurb][et_pb_blurb use_icon=\u00a0\u00bbon\u00a0\u00bb font_icon=\u00a0\u00bb%%249%%\u00a0\u00bb use_icon_font_size=\u00a0\u00bbon\u00a0\u00bb icon_font_size=\u00a0\u00bb50px\u00a0\u00bb _builder_version=\u00a0\u00bb3.6&Prime; text_orientation=\u00a0\u00bbcenter\u00a0\u00bb]<\/p>\n<p>Trapezaki, C\u00e9phalonie<\/p>\n<p>[\/et_pb_blurb][\/et_pb_column][et_pb_column type=\u00a0\u00bb1_3&Prime;][et_pb_text admin_label=\u00a0\u00bb\u03a6\u03cc\u03c1\u03bc\u03b1 \u0395\u03c0\u03b9\u03ba\u03bf\u03b9\u03bd\u03c9\u03bd\u03af\u03b1\u03c2\u00a0\u00bb _builder_version=\u00a0\u00bb3.6&Prime; text_font=\u00a0\u00bb|700|||||||\u00a0\u00bb text_font_size=\u00a0\u00bb16px\u00a0\u00bb]<\/p>\n<h3 class=\"widget-title\"><strong>Formulaire de contact<\/strong><\/h3>\n<p>[\/et_pb_text][et_pb_divider divider_position=\u00a0\u00bbbottom\u00a0\u00bb divider_weight=\u00a0\u00bb2&Prime; height=\u00a0\u00bb1px\u00a0\u00bb _builder_version=\u00a0\u00bb3.2&Prime; max_width=\u00a0\u00bb35%\u00a0\u00bb module_alignment=\u00a0\u00bbleft\u00a0\u00bb]<\/p>\n<p><\/p>\n<p>[\/et_pb_divider][et_pb_contact_form email=\u00a0\u00bboneiravillas@gmail.com\u00a0\u00bb _builder_version=\u00a0\u00bb3.6&Prime; module_id=\u00a0\u00bbet_pb_contact_form_0&Prime;][et_pb_contact_field field_id=\u00a0\u00bbName\u00a0\u00bb field_title=\u00a0\u00bbNom\u00a0\u00bb _builder_version=\u00a0\u00bb3.16&Prime; border_radii=\u00a0\u00bbon||||\u00a0\u00bb button_text_size__hover_enabled=\u00a0\u00bboff\u00a0\u00bb button_one_text_size__hover_enabled=\u00a0\u00bboff\u00a0\u00bb button_two_text_size__hover_enabled=\u00a0\u00bboff\u00a0\u00bb button_text_color__hover_enabled=\u00a0\u00bboff\u00a0\u00bb button_one_text_color__hover_enabled=\u00a0\u00bboff\u00a0\u00bb button_two_text_color__hover_enabled=\u00a0\u00bboff\u00a0\u00bb button_border_width__hover_enabled=\u00a0\u00bboff\u00a0\u00bb button_one_border_width__hover_enabled=\u00a0\u00bboff\u00a0\u00bb button_two_border_width__hover_enabled=\u00a0\u00bboff\u00a0\u00bb button_border_color__hover_enabled=\u00a0\u00bboff\u00a0\u00bb button_one_border_color__hover_enabled=\u00a0\u00bboff\u00a0\u00bb button_two_border_color__hover_enabled=\u00a0\u00bboff\u00a0\u00bb button_border_radius__hover_enabled=\u00a0\u00bboff\u00a0\u00bb button_one_border_radius__hover_enabled=\u00a0\u00bboff\u00a0\u00bb button_two_border_radius__hover_enabled=\u00a0\u00bboff\u00a0\u00bb button_letter_spacing__hover_enabled=\u00a0\u00bboff\u00a0\u00bb button_one_letter_spacing__hover_enabled=\u00a0\u00bboff\u00a0\u00bb button_two_letter_spacing__hover_enabled=\u00a0\u00bboff\u00a0\u00bb button_bg_color__hover_enabled=\u00a0\u00bboff\u00a0\u00bb button_one_bg_color__hover_enabled=\u00a0\u00bboff\u00a0\u00bb button_two_bg_color__hover_enabled=\u00a0\u00bboff\u00a0\u00bb][\/et_pb_contact_field][et_pb_contact_field field_id=\u00a0\u00bbEmail\u00a0\u00bb field_title=\u00a0\u00bbAdresse e-mail\u00a0\u00bb field_type=\u00a0\u00bbemail\u00a0\u00bb _builder_version=\u00a0\u00bb3.16&Prime; border_radii=\u00a0\u00bbon||||\u00a0\u00bb button_text_size__hover_enabled=\u00a0\u00bboff\u00a0\u00bb button_one_text_size__hover_enabled=\u00a0\u00bboff\u00a0\u00bb button_two_text_size__hover_enabled=\u00a0\u00bboff\u00a0\u00bb button_text_color__hover_enabled=\u00a0\u00bboff\u00a0\u00bb button_one_text_color__hover_enabled=\u00a0\u00bboff\u00a0\u00bb button_two_text_color__hover_enabled=\u00a0\u00bboff\u00a0\u00bb button_border_width__hover_enabled=\u00a0\u00bboff\u00a0\u00bb button_one_border_width__hover_enabled=\u00a0\u00bboff\u00a0\u00bb button_two_border_width__hover_enabled=\u00a0\u00bboff\u00a0\u00bb button_border_color__hover_enabled=\u00a0\u00bboff\u00a0\u00bb button_one_border_color__hover_enabled=\u00a0\u00bboff\u00a0\u00bb button_two_border_color__hover_enabled=\u00a0\u00bboff\u00a0\u00bb button_border_radius__hover_enabled=\u00a0\u00bboff\u00a0\u00bb button_one_border_radius__hover_enabled=\u00a0\u00bboff\u00a0\u00bb button_two_border_radius__hover_enabled=\u00a0\u00bboff\u00a0\u00bb button_letter_spacing__hover_enabled=\u00a0\u00bboff\u00a0\u00bb button_one_letter_spacing__hover_enabled=\u00a0\u00bboff\u00a0\u00bb button_two_letter_spacing__hover_enabled=\u00a0\u00bboff\u00a0\u00bb button_bg_color__hover_enabled=\u00a0\u00bboff\u00a0\u00bb button_one_bg_color__hover_enabled=\u00a0\u00bboff\u00a0\u00bb button_two_bg_color__hover_enabled=\u00a0\u00bboff\u00a0\u00bb][\/et_pb_contact_field][et_pb_contact_field field_id=\u00a0\u00bbMessage\u00a0\u00bb field_title=\u00a0\u00bbMessage\u00a0\u00bb field_type=\u00a0\u00bbtext\u00a0\u00bb fullwidth_field=\u00a0\u00bbon\u00a0\u00bb _builder_version=\u00a0\u00bb3.16&Prime; border_radii=\u00a0\u00bbon||||\u00a0\u00bb button_text_size__hover_enabled=\u00a0\u00bboff\u00a0\u00bb button_one_text_size__hover_enabled=\u00a0\u00bboff\u00a0\u00bb button_two_text_size__hover_enabled=\u00a0\u00bboff\u00a0\u00bb button_text_color__hover_enabled=\u00a0\u00bboff\u00a0\u00bb button_one_text_color__hover_enabled=\u00a0\u00bboff\u00a0\u00bb button_two_text_color__hover_enabled=\u00a0\u00bboff\u00a0\u00bb button_border_width__hover_enabled=\u00a0\u00bboff\u00a0\u00bb button_one_border_width__hover_enabled=\u00a0\u00bboff\u00a0\u00bb button_two_border_width__hover_enabled=\u00a0\u00bboff\u00a0\u00bb button_border_color__hover_enabled=\u00a0\u00bboff\u00a0\u00bb button_one_border_color__hover_enabled=\u00a0\u00bboff\u00a0\u00bb button_two_border_color__hover_enabled=\u00a0\u00bboff\u00a0\u00bb button_border_radius__hover_enabled=\u00a0\u00bboff\u00a0\u00bb button_one_border_radius__hover_enabled=\u00a0\u00bboff\u00a0\u00bb button_two_border_radius__hover_enabled=\u00a0\u00bboff\u00a0\u00bb button_letter_spacing__hover_enabled=\u00a0\u00bboff\u00a0\u00bb button_one_letter_spacing__hover_enabled=\u00a0\u00bboff\u00a0\u00bb button_two_letter_spacing__hover_enabled=\u00a0\u00bboff\u00a0\u00bb button_bg_color__hover_enabled=\u00a0\u00bboff\u00a0\u00bb button_one_bg_color__hover_enabled=\u00a0\u00bboff\u00a0\u00bb button_two_bg_color__hover_enabled=\u00a0\u00bboff\u00a0\u00bb][\/et_pb_contact_field][\/et_pb_contact_form][\/et_pb_column][\/et_pb_row][et_pb_row _builder_version=\u00a0\u00bb3.10.1&Prime;][et_pb_column type=\u00a0\u00bb4_4&Prime;][et_pb_text admin_label=\u00a0\u00bb\u03a0\u03bf\u03cd \u03b8\u03b1 \u03bc\u03b1\u03c2 \u03b2\u03c1\u03b5\u03af\u03c4\u03b5\u00a0\u00bb _builder_version=\u00a0\u00bb3.6&Prime; text_font=\u00a0\u00bb|700|||||||\u00a0\u00bb text_font_size=\u00a0\u00bb16px\u00a0\u00bb]<\/p>\n<h2><strong>O\u00f9 nous trouver<\/strong><\/h2>\n<p>[\/et_pb_text][et_pb_divider divider_position=\u00a0\u00bbbottom\u00a0\u00bb divider_weight=\u00a0\u00bb2&Prime; height=\u00a0\u00bb1px\u00a0\u00bb _builder_version=\u00a0\u00bb3.2&Prime; max_width=\u00a0\u00bb35%\u00a0\u00bb module_alignment=\u00a0\u00bbleft\u00a0\u00bb]<\/p>\n<p><\/p>\n<p>[\/et_pb_divider][et_pb_text admin_label=\u00a0\u00bbHow to find us\u00a0\u00bb _builder_version=\u00a0\u00bb3.17.5&Prime;]<\/p>\n<p>C\u00e9phalonie a plusieurs ports et un a\u00e9roport. Ci-dessous vous pouvez facilement v\u00e9rifier comment rejoindre Oneira Villas \u00e0 partir de chacun des points d&rsquo;arriv\u00e9e possibles:<\/p>\n<p>[\/et_pb_text][et_pb_text admin_label=\u00a0\u00bbHow to get to Oneira Villas\u00a0\u00bb _builder_version=\u00a0\u00bb3.19.3&Prime;]<\/p>\n<p><strong>Distance des diff\u00e9rents ports et de l\u2019a\u00e9roport :<\/strong><\/p>\n<p><a href=\"https:\/\/www.google.com\/maps\/dir\/%CE%9B%CE%B9%CE%BC%CE%AC%CE%BD%CE%B9+%CE%A6%CE%B9%CF%83%CE%BA%CE%AC%CF%81%CE%B4%CE%BF,+%CE%A6%CE%B9%CF%83%CE%BA%CE%AC%CF%81%CE%B4%CE%BF\/Oneira+Villas,+Trapezaki+Village,+Trapezaki+281+00\/@38.2933875,20.2907332,10z\/data=!3m1!4b1!4m14!4m13!1m5!1m1!1s0x135dbd86ae8d9e33:0xd120b2e461606e33!2m2!1d20.5756308!2d38.4616286!1m5!1m1!1s0x136762086e63f155:0x9464b24e6036c1b5!2m2!1d20.604064!2d38.126872!3e0\"><strong>Port de Fiskardo<\/strong><\/a>: <span style=\"font-weight: 400;\">58,1 km.,\u00a0<\/span>1 heure et 20 minutes en voiture<\/p>\n<p><strong><a href=\"https:\/\/www.google.com\/maps\/dir\/%CE%9B%CE%B9%CE%BC%CE%AC%CE%BD%CE%B9+%CE%A6%CE%B9%CF%83%CE%BA%CE%AC%CF%81%CE%B4%CE%BF,+%CE%A6%CE%B9%CF%83%CE%BA%CE%AC%CF%81%CE%B4%CE%BF\/Oneira+Villas,+Trapezaki+Village,+Trapezaki+281+00\/@38.2933875,20.2907332,10z\/data=!3m1!4b1!4m14!4m13!1m5!1m1!1s0x135dbd86ae8d9e33:0xd120b2e461606e33!2m2!1d20.5756308!2d38.4616286!1m5!1m1!1s0x136762086e63f155:0x9464b24e6036c1b5!2m2!1d20.604064!2d38.126872!3e0\">Port de Poros<\/a><\/strong>: <span>27,6 km.,\u00a0<\/span>41 minutes en voiture<\/p>\n<p><strong><a href=\"https:\/\/www.google.com\/maps\/dir\/Sami\/Oneira+Villas,+Trapezaki+Village,+Trapezaki+281+00\/@38.1859169,20.5030635,12z\/data=!3m1!4b1!4m14!4m13!1m5!1m1!1s0x135d8c7bebf925df:0x400bd2ce2b99580!2m2!1d20.6471688!2d38.2514148!1m5!1m1!1s0x136762086e63f155:0x9464b24e6036c1b5!2m2!1d20.604064!2d38.126872!3e0\">Port de Sami<\/a><\/strong>: <span style=\"font-weight: 400;\">26,1 km.,\u00a0<\/span>46 minutes en voiture<\/p>\n<p><strong><a href=\"https:\/\/www.google.com\/maps\/dir\/Pessada+Harbour,+\u039a\u03b5\u03c6\u03b1\u03bb\u03bf\u03bd\u03b9\u03ac\/Oneira+Villas,+Trapezaki+Village,+Trapezaki+281+00\/@38.1172729,20.5728485,14z\/data=!3m1!4b1!4m14!4m13!1m5!1m1!1s0x136762411ba22015:0xe87476c290b2fbff!2m2!1d20.5896034!2d38.1075468!1m5!1m1!1s0x136762086e63f155:0x9464b24e6036c1b5!2m2!1d20.604064!2d38.126872!3e0\">Port de Pessada<\/a><\/strong>: <span style=\"font-weight: 400;\">5,6 km.,\u00a0<\/span>11 minutes en voiture<\/p>\n<p><strong><a href=\"https:\/\/www.google.com\/maps\/dir\/Kratikos+Aerolimenas+Kefallinias,+\u039a\u03b5\u03c6\u03b1\u03bb\u03bf\u03bd\u03b9\u03ac\/Oneira+Villas,+Trapezaki+Village,+Trapezaki+281+00\/@38.1293865,20.5205072,13z\/data=!3m1!4b1!4m14!4m13!1m5!1m1!1s0x13677d3c4ce1458d:0x755174180e01436a!2m2!1d20.5049424!2d38.1195493!1m5!1m1!1s0x136762086e63f155:0x9464b24e6036c1b5!2m2!1d20.604064!2d38.126872!3e0\">A\u00e9roport &lsquo;Anna Pollatou&rsquo; (EFL)<\/a>:\u00a0<\/strong><span style=\"font-weight: 400;\">10,6 km., <\/span> 18 minutes en voiture<\/p>\n<p>[\/et_pb_text][et_pb_map address=\u00a0\u00bbLivathou 281 00, Greece\u00a0\u00bb zoom_level=\u00a0\u00bb10&Prime; address_lat=\u00a0\u00bb38.30326659534933&Prime; address_lng=\u00a0\u00bb20.621546446093816&Prime; mouse_wheel=\u00a0\u00bboff\u00a0\u00bb disabled_on=\u00a0\u00bbon||\u00a0\u00bb _builder_version=\u00a0\u00bb3.12.1&Prime;][et_pb_map_pin title=\u00a0\u00bbPort de Poros\u00a0\u00bb pin_address=\u00a0\u00bbPoros, Greece\u00a0\u00bb pin_address_lat=\u00a0\u00bb38.1539645&Prime; pin_address_lng=\u00a0\u00bb20.771284400000013&Prime; _builder_version=\u00a0\u00bb3.12.1&Prime;]<br \/>\n[\/et_pb_map_pin][et_pb_map_pin title=\u00a0\u00bbPort de Sami\u00a0\u00bb pin_address=\u00a0\u00bbCephalonia 280 80, Greece\u00a0\u00bb pin_address_lat=\u00a0\u00bb38.2540783&Prime; pin_address_lng=\u00a0\u00bb20.649883300000056&Prime; _builder_version=\u00a0\u00bb3.12.1&Prime;]<br \/>\n[\/et_pb_map_pin][et_pb_map_pin title=\u00a0\u00bbPort de Fiskardo\u00a0\u00bb pin_address=\u00a0\u00bbFiskardo 280 84, Greece\u00a0\u00bb pin_address_lat=\u00a0\u00bb38.4603057&Prime; pin_address_lng=\u00a0\u00bb20.575491199999988&Prime; _builder_version=\u00a0\u00bb3.12.1&Prime;]<br \/>\n[\/et_pb_map_pin][et_pb_map_pin title=\u00a0\u00bbPort de Pessada\u00a0\u00bb pin_address=\u00a0\u00bbPesada 281 00, Greece\u00a0\u00bb pin_address_lat=\u00a0\u00bb38.1136822&Prime; pin_address_lng=\u00a0\u00bb20.578977200000054&Prime; _builder_version=\u00a0\u00bb3.12.1&Prime;]<br \/>\n[\/et_pb_map_pin][et_pb_map_pin title=\u00a0\u00bbA\u00e9roport &lsquo;Anna Pollatou&rsquo; (EFL)\u00a0\u00bb pin_address=\u00a0\u00bbKefalonia International airport, Kefalonia 281 00, Greece\u00a0\u00bb pin_address_lat=\u00a0\u00bb38.1195493&Prime; pin_address_lng=\u00a0\u00bb20.504942400000004&Prime; _builder_version=\u00a0\u00bb3.12.1&Prime;]<br \/>\n[\/et_pb_map_pin][et_pb_map_pin title=\u00a0\u00bbOneiraVillas\u00a0\u00bb pin_address=\u00a0\u00bbTrapezaki Village, Trapezaki 281 00, Greece\u00a0\u00bb pin_address_lat=\u00a0\u00bb38.126872&Prime; pin_address_lng=\u00a0\u00bb20.604063999999994&Prime; _builder_version=\u00a0\u00bb3.12.1&Prime;]<br \/>\n[\/et_pb_map_pin][\/et_pb_map][\/et_pb_column][\/et_pb_row][\/et_pb_section]<\/p>\n","protected":false},"excerpt":{"rendered":"<p>Contactez nous Aimeriez-vous partager quelque chose avec nous? N&rsquo;h\u00e9sitez pas \u00e0 nous contacter via notre formulaire de contact. Nous nous assurerons de vous r\u00e9pondre dans les plus brefs d\u00e9lais, en quelques heures si ce n&rsquo;est pas imm\u00e9diatement ! Nous vous attendons dans la belle \u00eele de C\u00e9phalonie! Vous pouvez nous appeler directement aux num\u00e9ros ci-dessous, [&hellip;]<\/p>\n","protected":false},"author":1,"featured_media":0,"parent":0,"menu_order":0,"comment_status":"closed","ping_status":"closed","template":"","meta":{"_et_pb_use_builder":"on","_et_pb_old_content":"","_et_gb_content_width":"","_monsterinsights_skip_tracking":false,"_monsterinsights_sitenote_active":false,"_monsterinsights_sitenote_note":"","_monsterinsights_sitenote_category":0,"footnotes":""},"class_list":["post-8196","page","type-page","status-publish","hentry"],"aioseo_notices":[],"_links":{"self":[{"href":"https:\/\/oneiravillas.gr\/fr\/wp-json\/wp\/v2\/pages\/8196","targetHints":{"allow":["GET"]}}],"collection":[{"href":"https:\/\/oneiravillas.gr\/fr\/wp-json\/wp\/v2\/pages"}],"about":[{"href":"https:\/\/oneiravillas.gr\/fr\/wp-json\/wp\/v2\/types\/page"}],"author":[{"embeddable":true,"href":"https:\/\/oneiravillas.gr\/fr\/wp-json\/wp\/v2\/users\/1"}],"replies":[{"embeddable":true,"href":"https:\/\/oneiravillas.gr\/fr\/wp-json\/wp\/v2\/comments?post=8196"}],"version-history":[{"count":0,"href":"https:\/\/oneiravillas.gr\/fr\/wp-json\/wp\/v2\/pages\/8196\/revisions"}],"wp:attachment":[{"href":"https:\/\/oneiravillas.gr\/fr\/wp-json\/wp\/v2\/media?parent=8196"}],"curies":[{"name":"wp","href":"https:\/\/api.w.org\/{rel}","templated":true}]}}