{"id":10376,"date":"2019-03-02T14:35:32","date_gmt":"2019-03-02T12:35:32","guid":{"rendered":"https:\/\/oneiravillas.gr\/kontakt\/"},"modified":"2019-03-14T18:01:57","modified_gmt":"2019-03-14T16:01:57","slug":"kontakt","status":"publish","type":"page","link":"https:\/\/oneiravillas.gr\/de\/kontakt\/","title":{"rendered":"Kontakt"},"content":{"rendered":"<p>[et_pb_section bb_built=&#8220;1&#8243; fullwidth=&#8220;on&#8220; _builder_version=&#8220;3.0.100&#8243; next_background_color=&#8220;#000000&#8243;][et_pb_fullwidth_slider show_arrows=&#8220;off&#8220; show_pagination=&#8220;off&#8220; _builder_version=&#8220;3.16&#8243; header_font=&#8220;|600|||||||&#8220; button_text_size__hover_enabled=&#8220;off&#8220; button_one_text_size__hover_enabled=&#8220;off&#8220; button_two_text_size__hover_enabled=&#8220;off&#8220; button_text_color__hover_enabled=&#8220;off&#8220; button_one_text_color__hover_enabled=&#8220;off&#8220; button_two_text_color__hover_enabled=&#8220;off&#8220; button_border_width__hover_enabled=&#8220;off&#8220; button_one_border_width__hover_enabled=&#8220;off&#8220; button_two_border_width__hover_enabled=&#8220;off&#8220; button_border_color__hover_enabled=&#8220;off&#8220; button_one_border_color__hover_enabled=&#8220;off&#8220; button_two_border_color__hover_enabled=&#8220;off&#8220; button_border_radius__hover_enabled=&#8220;off&#8220; button_one_border_radius__hover_enabled=&#8220;off&#8220; button_two_border_radius__hover_enabled=&#8220;off&#8220; button_letter_spacing__hover_enabled=&#8220;off&#8220; button_one_letter_spacing__hover_enabled=&#8220;off&#8220; button_two_letter_spacing__hover_enabled=&#8220;off&#8220; button_bg_color__hover_enabled=&#8220;off&#8220; button_one_bg_color__hover_enabled=&#8220;off&#8220; button_two_bg_color__hover_enabled=&#8220;off&#8220;][et_pb_slide heading=&#8220;Kontaktieren Sie uns&#8220; use_bg_overlay=&#8220;on&#8220; bg_overlay_color=&#8220;rgba(0,0,0,0.35)&#8220; use_text_overlay=&#8220;off&#8220; _builder_version=&#8220;3.16&#8243; header_font=&#8220;|700|||||||&#8220; header_font_size=&#8220;49&#8243; header_font_size_tablet=&#8220;49&#8243; header_font_size_phone=&#8220;49&#8243; background_image=&#8220;https:\/\/oneiravillas.gr\/wp-content\/uploads\/2018\/06\/IMG_7052.jpg&#8220; parallax=&#8220;on&#8220; button_on_hover=&#8220;on&#8220; button_text_size__hover_enabled=&#8220;off&#8220; button_one_text_size__hover_enabled=&#8220;off&#8220; button_two_text_size__hover_enabled=&#8220;off&#8220; button_text_color__hover_enabled=&#8220;off&#8220; button_one_text_color__hover_enabled=&#8220;off&#8220; button_two_text_color__hover_enabled=&#8220;off&#8220; button_border_width__hover_enabled=&#8220;off&#8220; button_one_border_width__hover_enabled=&#8220;off&#8220; button_two_border_width__hover_enabled=&#8220;off&#8220; button_border_color__hover_enabled=&#8220;off&#8220; button_one_border_color__hover_enabled=&#8220;off&#8220; button_two_border_color__hover_enabled=&#8220;off&#8220; button_border_radius__hover_enabled=&#8220;off&#8220; button_one_border_radius__hover_enabled=&#8220;off&#8220; button_two_border_radius__hover_enabled=&#8220;off&#8220; button_letter_spacing__hover_enabled=&#8220;off&#8220; button_one_letter_spacing__hover_enabled=&#8220;off&#8220; button_two_letter_spacing__hover_enabled=&#8220;off&#8220; button_bg_color__hover_enabled=&#8220;off&#8220; button_one_bg_color__hover_enabled=&#8220;off&#8220; button_two_bg_color__hover_enabled=&#8220;off&#8220;][\/et_pb_slide][\/et_pb_fullwidth_slider][\/et_pb_section][et_pb_section bb_built=&#8220;1&#8243; _builder_version=&#8220;3.0.47&#8243; prev_background_color=&#8220;#000000&#8243;][et_pb_row _builder_version=&#8220;3.0.48&#8243; background_size=&#8220;initial&#8220; background_position=&#8220;top_left&#8220; background_repeat=&#8220;repeat&#8220;][et_pb_column type=&#8220;1_3&#8243;][et_pb_text admin_label=&#8220;\u0395\u03c0\u03b9\u03ba\u03bf\u03b9\u03bd\u03c9\u03bd\u03af\u03b1&#8220; _builder_version=&#8220;3.6&#8243; text_font=&#8220;|700|||||||&#8220; text_font_size=&#8220;16px&#8220;]<\/p>\n<h2>Kontaktieren Sie uns<\/h2>\n<p>[\/et_pb_text][et_pb_divider divider_position=&#8220;bottom&#8220; divider_weight=&#8220;2&#8243; height=&#8220;1px&#8220; _builder_version=&#8220;3.2&#8243; max_width=&#8220;35%&#8220; module_alignment=&#8220;left&#8220;]<\/p>\n<p><\/p>\n<p>[\/et_pb_divider][et_pb_text _builder_version=&#8220;3.6&#8243;]<\/p>\n<p>Haben Sie etwas im Sinn, das Sie gerne mit uns teilen m\u00f6chten? Z\u00f6gern Sie nicht, uns \u00fcber unser Kontaktformular zu kontaktieren. Wir werden sicherstellen, dass wir Ihnen so schnell wie m\u00f6glich antworten, in nur wenigen Stunden, wenn nicht sofort!<\/p>\n<p>[\/et_pb_text][et_pb_text _builder_version=&#8220;3.6&#8243;]<\/p>\n<p>Wir erwarten Sie auf der wundersch\u00f6nen Insel Kefalonia! Sie k\u00f6nnen uns direkt unter den Nummern anrufen, die Sie unten sehen, uns eine E-Mail senden oder unsere Seiten auf <a href=\"https:\/\/www.instagram.com\/oneiravillas\/\">Instagram<\/a> &amp; <a href=\"https:\/\/www.facebook.com\/OneiraVillas\/\">Facebook<\/a> erkunden.<\/p>\n<p>[\/et_pb_text][\/et_pb_column][et_pb_column type=&#8220;1_3&#8243;][et_pb_blurb use_icon=&#8220;on&#8220; font_icon=&#8220;%%238%%&#8220; use_icon_font_size=&#8220;on&#8220; icon_font_size=&#8220;50px&#8220; _builder_version=&#8220;3.6&#8243; text_orientation=&#8220;center&#8220;]<\/p>\n<p><strong>Email<\/strong>: <a href=\"mailto:info@oneiravillas.gr\">info@oneiravillas.gr<\/a><\/p>\n<p>[\/et_pb_blurb][et_pb_blurb use_icon=&#8220;on&#8220; font_icon=&#8220;%%264%%&#8220; use_icon_font_size=&#8220;on&#8220; icon_font_size=&#8220;50px&#8220; _builder_version=&#8220;3.6&#8243; text_orientation=&#8220;center&#8220;]<\/p>\n<p><strong>Telefon Nummer<\/strong>:\u00a0+30 2671031300<br \/>\n+30 2671024606, +30 6979809460<\/p>\n<p>[\/et_pb_blurb][et_pb_blurb use_icon=&#8220;on&#8220; font_icon=&#8220;%%249%%&#8220; use_icon_font_size=&#8220;on&#8220; icon_font_size=&#8220;50px&#8220; _builder_version=&#8220;3.6&#8243; text_orientation=&#8220;center&#8220;]<\/p>\n<p>Trapezaki, Kefalonia<\/p>\n<p>[\/et_pb_blurb][\/et_pb_column][et_pb_column type=&#8220;1_3&#8243;][et_pb_text admin_label=&#8220;\u03a6\u03cc\u03c1\u03bc\u03b1 \u0395\u03c0\u03b9\u03ba\u03bf\u03b9\u03bd\u03c9\u03bd\u03af\u03b1\u03c2&#8220; _builder_version=&#8220;3.6&#8243; text_font=&#8220;|700|||||||&#8220; text_font_size=&#8220;16px&#8220;]<\/p>\n<h3>Kommunikationsformular<\/h3>\n<p>[\/et_pb_text][et_pb_divider divider_position=&#8220;bottom&#8220; divider_weight=&#8220;2&#8243; height=&#8220;1px&#8220; _builder_version=&#8220;3.2&#8243; max_width=&#8220;35%&#8220; module_alignment=&#8220;left&#8220;]<\/p>\n<p><\/p>\n<p>[\/et_pb_divider][et_pb_contact_form email=&#8220;oneiravillas@gmail.com&#8220; _builder_version=&#8220;3.6&#8243; module_id=&#8220;et_pb_contact_form_0&#8243;][et_pb_contact_field field_id=&#8220;Name&#8220; field_title=&#8220;Vorname &amp; Nachname&#8220; _builder_version=&#8220;3.16&#8243; border_radii=&#8220;on||||&#8220; button_text_size__hover_enabled=&#8220;off&#8220; button_one_text_size__hover_enabled=&#8220;off&#8220; button_two_text_size__hover_enabled=&#8220;off&#8220; button_text_color__hover_enabled=&#8220;off&#8220; button_one_text_color__hover_enabled=&#8220;off&#8220; button_two_text_color__hover_enabled=&#8220;off&#8220; button_border_width__hover_enabled=&#8220;off&#8220; button_one_border_width__hover_enabled=&#8220;off&#8220; button_two_border_width__hover_enabled=&#8220;off&#8220; button_border_color__hover_enabled=&#8220;off&#8220; button_one_border_color__hover_enabled=&#8220;off&#8220; button_two_border_color__hover_enabled=&#8220;off&#8220; button_border_radius__hover_enabled=&#8220;off&#8220; button_one_border_radius__hover_enabled=&#8220;off&#8220; button_two_border_radius__hover_enabled=&#8220;off&#8220; button_letter_spacing__hover_enabled=&#8220;off&#8220; button_one_letter_spacing__hover_enabled=&#8220;off&#8220; button_two_letter_spacing__hover_enabled=&#8220;off&#8220; button_bg_color__hover_enabled=&#8220;off&#8220; button_one_bg_color__hover_enabled=&#8220;off&#8220; button_two_bg_color__hover_enabled=&#8220;off&#8220;][\/et_pb_contact_field][et_pb_contact_field field_id=&#8220;Email&#8220; field_title=&#8220;Email&#8220; field_type=&#8220;email&#8220; _builder_version=&#8220;3.16&#8243; border_radii=&#8220;on||||&#8220; button_text_size__hover_enabled=&#8220;off&#8220; button_one_text_size__hover_enabled=&#8220;off&#8220; button_two_text_size__hover_enabled=&#8220;off&#8220; button_text_color__hover_enabled=&#8220;off&#8220; button_one_text_color__hover_enabled=&#8220;off&#8220; button_two_text_color__hover_enabled=&#8220;off&#8220; button_border_width__hover_enabled=&#8220;off&#8220; button_one_border_width__hover_enabled=&#8220;off&#8220; button_two_border_width__hover_enabled=&#8220;off&#8220; button_border_color__hover_enabled=&#8220;off&#8220; button_one_border_color__hover_enabled=&#8220;off&#8220; button_two_border_color__hover_enabled=&#8220;off&#8220; button_border_radius__hover_enabled=&#8220;off&#8220; button_one_border_radius__hover_enabled=&#8220;off&#8220; button_two_border_radius__hover_enabled=&#8220;off&#8220; button_letter_spacing__hover_enabled=&#8220;off&#8220; button_one_letter_spacing__hover_enabled=&#8220;off&#8220; button_two_letter_spacing__hover_enabled=&#8220;off&#8220; button_bg_color__hover_enabled=&#8220;off&#8220; button_one_bg_color__hover_enabled=&#8220;off&#8220; button_two_bg_color__hover_enabled=&#8220;off&#8220;][\/et_pb_contact_field][et_pb_contact_field field_id=&#8220;Message&#8220; field_title=&#8220;Nachricht&#8220; field_type=&#8220;text&#8220; fullwidth_field=&#8220;on&#8220; _builder_version=&#8220;3.16&#8243; border_radii=&#8220;on||||&#8220; button_text_size__hover_enabled=&#8220;off&#8220; button_one_text_size__hover_enabled=&#8220;off&#8220; button_two_text_size__hover_enabled=&#8220;off&#8220; button_text_color__hover_enabled=&#8220;off&#8220; button_one_text_color__hover_enabled=&#8220;off&#8220; button_two_text_color__hover_enabled=&#8220;off&#8220; button_border_width__hover_enabled=&#8220;off&#8220; button_one_border_width__hover_enabled=&#8220;off&#8220; button_two_border_width__hover_enabled=&#8220;off&#8220; button_border_color__hover_enabled=&#8220;off&#8220; button_one_border_color__hover_enabled=&#8220;off&#8220; button_two_border_color__hover_enabled=&#8220;off&#8220; button_border_radius__hover_enabled=&#8220;off&#8220; button_one_border_radius__hover_enabled=&#8220;off&#8220; button_two_border_radius__hover_enabled=&#8220;off&#8220; button_letter_spacing__hover_enabled=&#8220;off&#8220; button_one_letter_spacing__hover_enabled=&#8220;off&#8220; button_two_letter_spacing__hover_enabled=&#8220;off&#8220; button_bg_color__hover_enabled=&#8220;off&#8220; button_one_bg_color__hover_enabled=&#8220;off&#8220; button_two_bg_color__hover_enabled=&#8220;off&#8220;][\/et_pb_contact_field][\/et_pb_contact_form][\/et_pb_column][\/et_pb_row][et_pb_row _builder_version=&#8220;3.10.1&#8243;][et_pb_column type=&#8220;4_4&#8243;][et_pb_text admin_label=&#8220;\u03a0\u03bf\u03cd \u03b8\u03b1 \u03bc\u03b1\u03c2 \u03b2\u03c1\u03b5\u03af\u03c4\u03b5&#8220; _builder_version=&#8220;3.6&#8243; text_font=&#8220;|700|||||||&#8220; text_font_size=&#8220;16px&#8220;]<\/p>\n<h3>Wo\u00a0finden Sie uns?<\/h3>\n<p>[\/et_pb_text][et_pb_divider divider_position=&#8220;bottom&#8220; divider_weight=&#8220;2&#8243; height=&#8220;1px&#8220; _builder_version=&#8220;3.2&#8243; max_width=&#8220;35%&#8220; module_alignment=&#8220;left&#8220;]<\/p>\n<p><\/p>\n<p>[\/et_pb_divider][et_pb_text admin_label=&#8220;How to find us&#8220; _builder_version=&#8220;3.17.5&#8243;]<\/p>\n<p>Kefalonia hat viele H\u00e4fen und einen Flughafen. Im Folgenden k\u00f6nnen Sie einfach \u00fcberpr\u00fcfen, wie Sie Oneira Villas von jedem der m\u00f6glichen Ankunftspunkte erreichen:<\/p>\n<p>[\/et_pb_text][et_pb_text admin_label=&#8220;How to get to Oneira Villas&#8220; _builder_version=&#8220;3.19.3&#8243;]<\/p>\n<p><a href=\"https:\/\/www.google.com\/maps\/dir\/%CE%9B%CE%B9%CE%BC%CE%AC%CE%BD%CE%B9+%CE%A6%CE%B9%CF%83%CE%BA%CE%AC%CF%81%CE%B4%CE%BF,+%CE%A6%CE%B9%CF%83%CE%BA%CE%AC%CF%81%CE%B4%CE%BF\/Oneira+Villas,+Trapezaki+Village,+Trapezaki+281+00\/@38.2933875,20.2907332,10z\/data=!3m1!4b1!4m14!4m13!1m5!1m1!1s0x135dbd86ae8d9e33:0xd120b2e461606e33!2m2!1d20.5756308!2d38.4616286!1m5!1m1!1s0x136762086e63f155:0x9464b24e6036c1b5!2m2!1d20.604064!2d38.126872!3e0%20)\"><strong>Hafen von Fiskardo<\/strong><\/a>: 1 Stunde und 20 Minuten Fahrt<\/p>\n<p><strong><a href=\"https:\/\/www.google.com\/maps\/dir\/Poros,+%CE%9A%CE%B5%CF%86%CE%B1%CE%BB%CE%BF%CE%BD%CE%B9%CE%AC\/Oneira+Villas,+Trapezaki+Village,+Trapezaki+281+00\/@38.1029127,20.6448007,11.19z\/data=!4m14!4m13!1m5!1m1!1s0x135df4489c61746b:0x3a1338e9780f2d20!2m2!1d20.7798431!2d38.1466205!1m5!1m1!1s0x136762086e63f155:0x9464b24e6036c1b5!2m2!1d20.604064!2d38.126872!3e0\">Hafen von Poros<\/a><\/strong>: 41 Minuten Fahrt<\/p>\n<p><strong><a href=\"https:\/\/www.google.com\/maps\/dir\/Sami\/Oneira+Villas,+Trapezaki+Village,+Trapezaki+281+00\/@38.1859169,20.5030635,12z\/data=!3m1!4b1!4m14!4m13!1m5!1m1!1s0x135d8c7bebf925df:0x400bd2ce2b99580!2m2!1d20.6471688!2d38.2514148!1m5!1m1!1s0x136762086e63f155:0x9464b24e6036c1b5!2m2!1d20.604064!2d38.126872!3e0\">Hafen von Sami<\/a><\/strong>: 46 Minuten Fahrt<\/p>\n<p><a href=\"https:\/\/www.google.com\/maps\/dir\/Pessada+Harbour,+%CE%9A%CE%B5%CF%86%CE%B1%CE%BB%CE%BF%CE%BD%CE%B9%CE%AC\/Oneira+Villas,+Trapezaki+Village,+Trapezaki+281+00\/@38.1172729,20.5728485,14z\/data=!3m1!4b1!4m14!4m13!1m5!1m1!1s0x136762411ba22015:0xe87476c290b2fbff!2m2!1d20.5896034!2d38.1075468!1m5!1m1!1s0x136762086e63f155:0x9464b24e6036c1b5!2m2!1d20.604064!2d38.126872!3e0\"><strong>Port of Pessada<\/strong><\/a>: 11 Minuten Fahrt<\/p>\n<p><a href=\"https:\/\/www.google.com\/maps\/dir\/Kratikos+Aerolimenas+Kefallinias,+%CE%9A%CE%B5%CF%86%CE%B1%CE%BB%CE%BF%CE%BD%CE%B9%CE%AC\/Oneira+Villas,+Trapezaki+Village,+Trapezaki+281+00\/@38.1293865,20.5205072,13z\/data=!3m1!4b1!4m14!4m13!1m5!1m1!1s0x13677d3c4ce1458d:0x755174180e01436a!2m2!1d20.5049424!2d38.1195493!1m5!1m1!1s0x136762086e63f155:0x9464b24e6036c1b5!2m2!1d20.604064!2d38.126872!3e0\"><strong>Flughafen \u2018Anna Pollatou\u2019 (EFL)<\/strong><\/a>: 18 Minuten Fahrt<\/p>\n<p>[\/et_pb_text][et_pb_map address=&#8220;Livathou 281 00, Greece&#8220; zoom_level=&#8220;10&#8243; address_lat=&#8220;38.30326659534933&#8243; address_lng=&#8220;20.621546446093816&#8243; mouse_wheel=&#8220;off&#8220; disabled_on=&#8220;on||&#8220; _builder_version=&#8220;3.12.1&#8243;][et_pb_map_pin title=&#8220;Hafen von Poros&#8220; pin_address=&#8220;Poros, Greece&#8220; pin_address_lat=&#8220;38.1539645&#8243; pin_address_lng=&#8220;20.771284400000013&#8243; _builder_version=&#8220;3.12.1&#8243;]<br \/>\n[\/et_pb_map_pin][et_pb_map_pin title=&#8220;Hafen von Sami&#8220; pin_address=&#8220;Cephalonia 280 80, Greece&#8220; pin_address_lat=&#8220;38.2540783&#8243; pin_address_lng=&#8220;20.649883300000056&#8243; _builder_version=&#8220;3.12.1&#8243;]<br \/>\n[\/et_pb_map_pin][et_pb_map_pin title=&#8220;Hafen von Fiskardo&#8220; pin_address=&#8220;Fiskardo 280 84, Greece&#8220; pin_address_lat=&#8220;38.4603057&#8243; pin_address_lng=&#8220;20.575491199999988&#8243; _builder_version=&#8220;3.12.1&#8243;]<br \/>\n[\/et_pb_map_pin][et_pb_map_pin title=&#8220;Hafen von Pessada&#8220; pin_address=&#8220;Pesada 281 00, Greece&#8220; pin_address_lat=&#8220;38.1136822&#8243; pin_address_lng=&#8220;20.578977200000054&#8243; _builder_version=&#8220;3.12.1&#8243;]<br \/>\n[\/et_pb_map_pin][et_pb_map_pin title=&#8220;Flughafen &#8218;Anna Pollatou'&#8220; pin_address=&#8220;Kefalonia International airport, Kefalonia 281 00, Greece&#8220; pin_address_lat=&#8220;38.1195493&#8243; pin_address_lng=&#8220;20.504942400000004&#8243; _builder_version=&#8220;3.12.1&#8243;]<br \/>\n[\/et_pb_map_pin][et_pb_map_pin title=&#8220;OneiraVillas&#8220; pin_address=&#8220;Trapezaki Village, Trapezaki 281 00, Greece&#8220; pin_address_lat=&#8220;38.126872&#8243; pin_address_lng=&#8220;20.604063999999994&#8243; _builder_version=&#8220;3.12.1&#8243;]<br \/>\n[\/et_pb_map_pin][\/et_pb_map][\/et_pb_column][\/et_pb_row][\/et_pb_section]<\/p>\n","protected":false},"excerpt":{"rendered":"<p>Kontaktieren Sie uns Haben Sie etwas im Sinn, das Sie gerne mit uns teilen m\u00f6chten? Z\u00f6gern Sie nicht, uns \u00fcber unser Kontaktformular zu kontaktieren. Wir werden sicherstellen, dass wir Ihnen so schnell wie m\u00f6glich antworten, in nur wenigen Stunden, wenn nicht sofort! Wir erwarten Sie auf der wundersch\u00f6nen Insel Kefalonia! Sie k\u00f6nnen uns direkt unter [&hellip;]<\/p>\n","protected":false},"author":1,"featured_media":0,"parent":0,"menu_order":0,"comment_status":"closed","ping_status":"closed","template":"","meta":{"_et_pb_use_builder":"on","_et_pb_old_content":"","_et_gb_content_width":"","_monsterinsights_skip_tracking":false,"_monsterinsights_sitenote_active":false,"_monsterinsights_sitenote_note":"","_monsterinsights_sitenote_category":0,"footnotes":""},"class_list":["post-10376","page","type-page","status-publish","hentry"],"aioseo_notices":[],"_links":{"self":[{"href":"https:\/\/oneiravillas.gr\/de\/wp-json\/wp\/v2\/pages\/10376","targetHints":{"allow":["GET"]}}],"collection":[{"href":"https:\/\/oneiravillas.gr\/de\/wp-json\/wp\/v2\/pages"}],"about":[{"href":"https:\/\/oneiravillas.gr\/de\/wp-json\/wp\/v2\/types\/page"}],"author":[{"embeddable":true,"href":"https:\/\/oneiravillas.gr\/de\/wp-json\/wp\/v2\/users\/1"}],"replies":[{"embeddable":true,"href":"https:\/\/oneiravillas.gr\/de\/wp-json\/wp\/v2\/comments?post=10376"}],"version-history":[{"count":0,"href":"https:\/\/oneiravillas.gr\/de\/wp-json\/wp\/v2\/pages\/10376\/revisions"}],"wp:attachment":[{"href":"https:\/\/oneiravillas.gr\/de\/wp-json\/wp\/v2\/media?parent=10376"}],"curies":[{"name":"wp","href":"https:\/\/api.w.org\/{rel}","templated":true}]}}